{"id":1835,"date":"2025-02-12T00:01:18","date_gmt":"2025-02-12T00:01:18","guid":{"rendered":"https:\/\/aisointernational.com\/?page_id=1835"},"modified":"2025-02-12T00:01:18","modified_gmt":"2025-02-12T00:01:18","slug":"nueva-zelanda","status":"publish","type":"page","link":"https:\/\/aisointernational.com\/?page_id=1835","title":{"rendered":"Nueva Zelanda"},"content":{"rendered":"\n<p>El pa\u00eds de los kiwis, de los deportes extremos, de los mejores paisajes del mundo, de los extraordinarios atardeceres, las cascadas, los mejores postres, la gente m\u00e1s culta, el pa\u00eds m\u00e1s seguro, el color verde, los hobbits, Narnia, las playas interminables, las monta\u00f1as, los volcanes, los glaciares, los desiertos<\/p>\n\n\n\n<p><strong><u>Sistema Educativo<\/u><\/strong><\/p>\n\n\n\n<ul class=\"wp-block-list\">\n<li>Nueva Zelanda es innovadora en educaci\u00f3n porque se centra en el bienestar y el desarrollo de los estudiantes en lugar de simplemente obligarlos a obtener altas puntuaciones en los ex\u00e1menes.<\/li>\n\n\n\n<li>Sistema educativo con prestigio internacional. Las universidades de Nueva Zelanda se encuentran entre las mejores del mundo\u00a0<\/li>\n\n\n\n<li>El sistema educativo es progresista y combina la innovaci\u00f3n con los principios tradicionales de ense\u00f1anza\u00a0<\/li>\n\n\n\n<li>Las universidades ofrecen programas en campos como ingenier\u00eda, negocios y ciencias ambientales\u00a0<\/li>\n\n\n\n<li>Las pol\u00edticas migratorias permiten trabajar mientras se estudia y tiempo completo en vacaciones<\/li>\n<\/ul>\n\n\n\n<p><strong><u>Ambiente estudiantil<\/u><\/strong><\/p>\n\n\n\n<h2 class=\"wp-block-heading\">\u00b7&nbsp;&nbsp;&nbsp;&nbsp;&nbsp;&nbsp;&nbsp; Ganar\u00e1s total fluidez en ingl\u00e9s<\/h2>\n\n\n\n<h2 class=\"wp-block-heading\">\u00b7&nbsp;&nbsp;&nbsp;&nbsp;&nbsp;&nbsp;&nbsp; Excelente opciones migratorias<\/h2>\n\n\n\n<ul class=\"wp-block-list\">\n<li>Nueva Zelanda es un pa\u00eds seguro y pac\u00edfico<\/li>\n\n\n\n<li>Los estudiantes internacionales tienen los mismos derechos que los neozelandeses<\/li>\n\n\n\n<li>Los neozelandeses son conocidos por su car\u00e1cter amistoso, abierto y honesto<\/li>\n\n\n\n<li>El pa\u00eds es muy acogedor con los estudiantes internacionales<\/li>\n\n\n\n<li>Nueva Zelanda tiene mucha naturaleza v\u00edrgen, ecosistemas incre\u00edbles y muchas opciones para practicar actividades al aire libre<\/li>\n<\/ul>\n","protected":false},"excerpt":{"rendered":"<p>El pa\u00eds de los kiwis, de los deportes extremos, de los mejores paisajes del mundo, de los extraordinarios atardeceres, las cascadas, los mejores postres, la gente m\u00e1s culta, el pa\u00eds m\u00e1s seguro, el color verde, los hobbits, Narnia, las playas interminables, las monta\u00f1as, los volcanes, &hellip; <\/p>\n","protected":false},"author":1,"featured_media":0,"parent":0,"menu_order":0,"comment_status":"closed","ping_status":"closed","template":"","meta":{"footnotes":""},"class_list":["post-1835","page","type-page","status-publish","hentry"],"_links":{"self":[{"href":"https:\/\/aisointernational.com\/index.php?rest_route=\/wp\/v2\/pages\/1835","targetHints":{"allow":["GET"]}}],"collection":[{"href":"https:\/\/aisointernational.com\/index.php?rest_route=\/wp\/v2\/pages"}],"about":[{"href":"https:\/\/aisointernational.com\/index.php?rest_route=\/wp\/v2\/types\/page"}],"author":[{"embeddable":true,"href":"https:\/\/aisointernational.com\/index.php?rest_route=\/wp\/v2\/users\/1"}],"replies":[{"embeddable":true,"href":"https:\/\/aisointernational.com\/index.php?rest_route=%2Fwp%2Fv2%2Fcomments&post=1835"}],"version-history":[{"count":1,"href":"https:\/\/aisointernational.com\/index.php?rest_route=\/wp\/v2\/pages\/1835\/revisions"}],"predecessor-version":[{"id":1836,"href":"https:\/\/aisointernational.com\/index.php?rest_route=\/wp\/v2\/pages\/1835\/revisions\/1836"}],"wp:attachment":[{"href":"https:\/\/aisointernational.com\/index.php?rest_route=%2Fwp%2Fv2%2Fmedia&parent=1835"}],"curies":[{"name":"wp","href":"https:\/\/api.w.org\/{rel}","templated":true}]}}