{"id":1829,"date":"2025-02-11T23:59:34","date_gmt":"2025-02-11T23:59:34","guid":{"rendered":"https:\/\/aisointernational.com\/?page_id=1829"},"modified":"2025-02-12T00:04:34","modified_gmt":"2025-02-12T00:04:34","slug":"inglaterra","status":"publish","type":"page","link":"https:\/\/aisointernational.com\/?page_id=1829","title":{"rendered":"Inglaterra"},"content":{"rendered":"\n<p>El Reino Unido es uno de los destinos m\u00e1s populares para la educaci\u00f3n superior, con m\u00e1s de 400.000 estudiantes internacionales matriculados cada a\u00f1o. El Reino Unido se ha convertido en el segundo destino m\u00e1s popular para los estudiantes internacionales despu\u00e9s de Estados Unidos.<\/p>\n\n\n\n<p><strong><u>Sistema educativo<\/u><\/strong><\/p>\n\n\n\n<ul class=\"wp-block-list\">\n<li>Excelente reputaci\u00f3n internacional en ls programas ofrecidos<\/li>\n\n\n\n<li>Acceso a las mejores universidades del mundo<\/li>\n\n\n\n<li>Flexibilidad y variedad<\/li>\n\n\n\n<li>Accesibilidad a los mejores programas acad\u00e9micos<\/li>\n\n\n\n<li>Una gran oportunidad para mejorar el ingl\u00e9s<\/li>\n<\/ul>\n\n\n\n<p><strong><u>Ambiente Estudiantil<\/u><\/strong><\/p>\n\n\n\n<ul class=\"wp-block-list\">\n<li>Puedes trabajar mientras estudias<\/li>\n\n\n\n<li>Diversidad Cultural y multicultural<\/li>\n\n\n\n<li>Practicar el idioma ingles permanente con locales<\/li>\n<\/ul>\n","protected":false},"excerpt":{"rendered":"<p>El Reino Unido es uno de los destinos m\u00e1s populares para la educaci\u00f3n superior, con m\u00e1s de 400.000 estudiantes internacionales matriculados cada a\u00f1o. El Reino Unido se ha convertido en el segundo destino m\u00e1s popular para los estudiantes internacionales despu\u00e9s de Estados Unidos. Sistema educativo &hellip; <\/p>\n","protected":false},"author":1,"featured_media":1764,"parent":0,"menu_order":0,"comment_status":"closed","ping_status":"closed","template":"","meta":{"footnotes":""},"class_list":["post-1829","page","type-page","status-publish","has-post-thumbnail","hentry"],"_links":{"self":[{"href":"https:\/\/aisointernational.com\/index.php?rest_route=\/wp\/v2\/pages\/1829","targetHints":{"allow":["GET"]}}],"collection":[{"href":"https:\/\/aisointernational.com\/index.php?rest_route=\/wp\/v2\/pages"}],"about":[{"href":"https:\/\/aisointernational.com\/index.php?rest_route=\/wp\/v2\/types\/page"}],"author":[{"embeddable":true,"href":"https:\/\/aisointernational.com\/index.php?rest_route=\/wp\/v2\/users\/1"}],"replies":[{"embeddable":true,"href":"https:\/\/aisointernational.com\/index.php?rest_route=%2Fwp%2Fv2%2Fcomments&post=1829"}],"version-history":[{"count":1,"href":"https:\/\/aisointernational.com\/index.php?rest_route=\/wp\/v2\/pages\/1829\/revisions"}],"predecessor-version":[{"id":1830,"href":"https:\/\/aisointernational.com\/index.php?rest_route=\/wp\/v2\/pages\/1829\/revisions\/1830"}],"wp:featuredmedia":[{"embeddable":true,"href":"https:\/\/aisointernational.com\/index.php?rest_route=\/wp\/v2\/media\/1764"}],"wp:attachment":[{"href":"https:\/\/aisointernational.com\/index.php?rest_route=%2Fwp%2Fv2%2Fmedia&parent=1829"}],"curies":[{"name":"wp","href":"https:\/\/api.w.org\/{rel}","templated":true}]}}