{"id":1826,"date":"2025-02-11T23:58:16","date_gmt":"2025-02-11T23:58:16","guid":{"rendered":"https:\/\/aisointernational.com\/?page_id=1826"},"modified":"2025-02-12T00:13:32","modified_gmt":"2025-02-12T00:13:32","slug":"espana","status":"publish","type":"page","link":"https:\/\/aisointernational.com\/?page_id=1826","title":{"rendered":"Espa\u00f1a"},"content":{"rendered":"\n<p>Estudiar en Espa\u00f1a&nbsp;puede ser una buena opci\u00f3n por su calidad educativa, su cultura, su clima, su gastronom\u00eda y su estilo de vida en uno de los mejore pa\u00edses Europeos.<\/p>\n\n\n\n<p><strong><u>Sistema Educativo<\/u><\/strong><\/p>\n\n\n\n<ul class=\"wp-block-list\">\n<li>Calidad educativa<\/li>\n\n\n\n<li>Espa\u00f1a tiene universidades prestigiosas a nivel mundial<\/li>\n\n\n\n<li>Los t\u00edtulos espa\u00f1oles son reconocidos internacionalmente<\/li>\n\n\n\n<li>Varias de las universidades espa\u00f1olas se encuentran entre las mejores del mundo por disciplinas<\/li>\n<\/ul>\n\n\n\n<p><strong><u>Ambente&nbsp; Estudiantil<\/u><\/strong><\/p>\n\n\n\n<ul class=\"wp-block-list\">\n<li>Espa\u00f1a es un pa\u00eds multicultural<\/li>\n\n\n\n<li>Espa\u00f1a tiene un patrimonio cultural rico<\/li>\n\n\n\n<li>Espa\u00f1a tiene una identidad cultural similar a la de muchos pa\u00edses latinoamericanos<\/li>\n\n\n\n<li>Espa\u00f1a tiene un clima agradable durante todo el a\u00f1o<\/li>\n\n\n\n<li>Gastronom\u00eda\u00a0Espa\u00f1a tiene una gastronom\u00eda excepcional.\u00a0<\/li>\n\n\n\n<li>Estilo de vida\u00a0Espa\u00f1a tiene un estilo de vida vibrante, Espa\u00f1a tiene playas lujosas, Espa\u00f1a tiene un estilo de vida relajado.\u00a0<\/li>\n<\/ul>\n","protected":false},"excerpt":{"rendered":"<p>Estudiar en Espa\u00f1a&nbsp;puede ser una buena opci\u00f3n por su calidad educativa, su cultura, su clima, su gastronom\u00eda y su estilo de vida en uno de los mejore pa\u00edses Europeos. Sistema Educativo Ambente&nbsp; Estudiantil<\/p>\n","protected":false},"author":1,"featured_media":1850,"parent":0,"menu_order":0,"comment_status":"closed","ping_status":"closed","template":"","meta":{"footnotes":""},"class_list":["post-1826","page","type-page","status-publish","has-post-thumbnail","hentry"],"_links":{"self":[{"href":"https:\/\/aisointernational.com\/index.php?rest_route=\/wp\/v2\/pages\/1826","targetHints":{"allow":["GET"]}}],"collection":[{"href":"https:\/\/aisointernational.com\/index.php?rest_route=\/wp\/v2\/pages"}],"about":[{"href":"https:\/\/aisointernational.com\/index.php?rest_route=\/wp\/v2\/types\/page"}],"author":[{"embeddable":true,"href":"https:\/\/aisointernational.com\/index.php?rest_route=\/wp\/v2\/users\/1"}],"replies":[{"embeddable":true,"href":"https:\/\/aisointernational.com\/index.php?rest_route=%2Fwp%2Fv2%2Fcomments&post=1826"}],"version-history":[{"count":1,"href":"https:\/\/aisointernational.com\/index.php?rest_route=\/wp\/v2\/pages\/1826\/revisions"}],"predecessor-version":[{"id":1827,"href":"https:\/\/aisointernational.com\/index.php?rest_route=\/wp\/v2\/pages\/1826\/revisions\/1827"}],"wp:featuredmedia":[{"embeddable":true,"href":"https:\/\/aisointernational.com\/index.php?rest_route=\/wp\/v2\/media\/1850"}],"wp:attachment":[{"href":"https:\/\/aisointernational.com\/index.php?rest_route=%2Fwp%2Fv2%2Fmedia&parent=1826"}],"curies":[{"name":"wp","href":"https:\/\/api.w.org\/{rel}","templated":true}]}}