{"id":1823,"date":"2025-02-11T23:56:54","date_gmt":"2025-02-11T23:56:54","guid":{"rendered":"https:\/\/aisointernational.com\/?page_id=1823"},"modified":"2025-02-12T00:11:28","modified_gmt":"2025-02-12T00:11:28","slug":"dubai","status":"publish","type":"page","link":"https:\/\/aisointernational.com\/?page_id=1823","title":{"rendered":"Dubai"},"content":{"rendered":"\n<p>Dub\u00e1i es una excelente opci\u00f3n educativa para ti. Dub\u00e1i ubicada en Emiratos \u00c1rabe Unidos, su capital es Abu Dhabi, es una de las ciudades m\u00e1s pr\u00f3speras y avanzadas del mundo. Reconocida por su arquitectura moderna y su ambiente multicultural.<\/p>\n\n\n\n<p><strong><u>Sistema Educativo<\/u><\/strong><\/p>\n\n\n\n<ul class=\"wp-block-list\">\n<li>Dub\u00e1i es un centro cosmopolita que combina cultura, oportunidades laborales y un estilo de vida moderno. Adem\u00e1s, es conocido por su excelente\u00a0 sistema educativo, seguridad y hospitalidad.<\/li>\n\n\n\n<li>Los estudiantes tienen acceso a instituciones de alta calidad educativa que cuenta con un gran reconocimiento internacional.<\/li>\n\n\n\n<li>Las instituciones contribuyen, enormemente, en el desarrollo personal, profesional y financiero, creando un gran sistema de networking.<\/li>\n<\/ul>\n\n\n\n<p><strong><u>Ambiente Estudiantil<\/u><\/strong><\/p>\n\n\n\n<ul class=\"wp-block-list\">\n<li>Grandes oportunidades laborales en el mercado formal e informal.<\/li>\n\n\n\n<li>Ofrece una vibrante ambiente nocturna, eventos internacionales y una acogedora comunidad de expatriados.<\/li>\n\n\n\n<li>Es un centro de Negocios internacionales, lo que le ofrecer\u00e1 grandes oportunidades de crecimiento profesional para muchos estudiantes.<\/li>\n<\/ul>\n","protected":false},"excerpt":{"rendered":"<p>Dub\u00e1i es una excelente opci\u00f3n educativa para ti. Dub\u00e1i ubicada en Emiratos \u00c1rabe Unidos, su capital es Abu Dhabi, es una de las ciudades m\u00e1s pr\u00f3speras y avanzadas del mundo. Reconocida por su arquitectura moderna y su ambiente multicultural. Sistema Educativo Ambiente Estudiantil<\/p>\n","protected":false},"author":1,"featured_media":1849,"parent":0,"menu_order":0,"comment_status":"closed","ping_status":"closed","template":"","meta":{"footnotes":""},"class_list":["post-1823","page","type-page","status-publish","has-post-thumbnail","hentry"],"_links":{"self":[{"href":"https:\/\/aisointernational.com\/index.php?rest_route=\/wp\/v2\/pages\/1823","targetHints":{"allow":["GET"]}}],"collection":[{"href":"https:\/\/aisointernational.com\/index.php?rest_route=\/wp\/v2\/pages"}],"about":[{"href":"https:\/\/aisointernational.com\/index.php?rest_route=\/wp\/v2\/types\/page"}],"author":[{"embeddable":true,"href":"https:\/\/aisointernational.com\/index.php?rest_route=\/wp\/v2\/users\/1"}],"replies":[{"embeddable":true,"href":"https:\/\/aisointernational.com\/index.php?rest_route=%2Fwp%2Fv2%2Fcomments&post=1823"}],"version-history":[{"count":1,"href":"https:\/\/aisointernational.com\/index.php?rest_route=\/wp\/v2\/pages\/1823\/revisions"}],"predecessor-version":[{"id":1824,"href":"https:\/\/aisointernational.com\/index.php?rest_route=\/wp\/v2\/pages\/1823\/revisions\/1824"}],"wp:featuredmedia":[{"embeddable":true,"href":"https:\/\/aisointernational.com\/index.php?rest_route=\/wp\/v2\/media\/1849"}],"wp:attachment":[{"href":"https:\/\/aisointernational.com\/index.php?rest_route=%2Fwp%2Fv2%2Fmedia&parent=1823"}],"curies":[{"name":"wp","href":"https:\/\/api.w.org\/{rel}","templated":true}]}}