{"id":1821,"date":"2025-02-11T23:56:12","date_gmt":"2025-02-11T23:56:12","guid":{"rendered":"https:\/\/aisointernational.com\/?page_id=1821"},"modified":"2025-02-12T00:07:00","modified_gmt":"2025-02-12T00:07:00","slug":"canada","status":"publish","type":"page","link":"https:\/\/aisointernational.com\/?page_id=1821","title":{"rendered":"Canad\u00e1"},"content":{"rendered":"\n<p>Estudiar en Canad\u00e1 puede ser una buena opci\u00f3n por&nbsp;la calidad de su sistema educativo, es una gran oportunidad de vivir en un pa\u00eds seguro y multicultural.&nbsp;<\/p>\n\n\n\n<p><strong><u>Sistema Educativo<\/u><\/strong><\/p>\n\n\n\n<ul class=\"wp-block-list\">\n<li>Canad\u00e1 es uno de los destinos educativos preferidos<\/li>\n\n\n\n<li>Canad\u00e1, tiene un sistema educativo de alta calidad y prestigio internacional.\u00a0<\/li>\n\n\n\n<li>Sus universidades se encuentran entre las mejores del mundo.\u00a0<\/li>\n\n\n\n<li>Los t\u00edtulos universitarios canadienses son reconocidos en todo el mundo.\u00a0<\/li>\n<\/ul>\n\n\n\n<ul class=\"wp-block-list\">\n<li>El permiso de estudio puede permitir trabajar durante los estudios.<\/li>\n\n\n\n<li>Las universidades y colegios ofrecen programas de cooperaci\u00f3n, pr\u00e1cticas laborales y pasant\u00edas.<\/li>\n\n\n\n<li>Hay muchas becas disponibles para estudiantes internacionales.<\/li>\n<\/ul>\n\n\n\n<p>Vivir en un pa\u00eds seguro y multicultural&nbsp;<\/p>\n\n\n\n<p><strong><u>Ambiente Estudiantil<\/u><\/strong><strong><u><\/u><\/strong><\/p>\n\n\n\n<ul class=\"wp-block-list\">\n<li>Canad\u00e1 tiene una sociedad pac\u00edfica e inclusiva.<\/li>\n\n\n\n<li>Los estudiantes extranjeros pueden conectar con una comunidad multicultural.<\/li>\n\n\n\n<li>Canad\u00e1 tiene dos idiomas oficiales: franc\u00e9s e ingl\u00e9s.\u00a0<\/li>\n\n\n\n<li>Canad\u00e1 tiene una gran belleza natural, con monta\u00f1as, \u00e1rboles, lagos y amplios espacios abiertos.\u00a0<\/li>\n\n\n\n<li>Canad\u00e1 tiene una gran oferta de instituciones educativas, desde colleges hasta universidades p\u00fablicas y privadas.\u00a0<\/li>\n<\/ul>\n","protected":false},"excerpt":{"rendered":"<p>Estudiar en Canad\u00e1 puede ser una buena opci\u00f3n por&nbsp;la calidad de su sistema educativo, es una gran oportunidad de vivir en un pa\u00eds seguro y multicultural.&nbsp; Sistema Educativo Vivir en un pa\u00eds seguro y multicultural&nbsp; Ambiente Estudiantil<\/p>\n","protected":false},"author":1,"featured_media":1840,"parent":0,"menu_order":0,"comment_status":"closed","ping_status":"closed","template":"","meta":{"footnotes":""},"class_list":["post-1821","page","type-page","status-publish","has-post-thumbnail","hentry"],"_links":{"self":[{"href":"https:\/\/aisointernational.com\/index.php?rest_route=\/wp\/v2\/pages\/1821","targetHints":{"allow":["GET"]}}],"collection":[{"href":"https:\/\/aisointernational.com\/index.php?rest_route=\/wp\/v2\/pages"}],"about":[{"href":"https:\/\/aisointernational.com\/index.php?rest_route=\/wp\/v2\/types\/page"}],"author":[{"embeddable":true,"href":"https:\/\/aisointernational.com\/index.php?rest_route=\/wp\/v2\/users\/1"}],"replies":[{"embeddable":true,"href":"https:\/\/aisointernational.com\/index.php?rest_route=%2Fwp%2Fv2%2Fcomments&post=1821"}],"version-history":[{"count":2,"href":"https:\/\/aisointernational.com\/index.php?rest_route=\/wp\/v2\/pages\/1821\/revisions"}],"predecessor-version":[{"id":1841,"href":"https:\/\/aisointernational.com\/index.php?rest_route=\/wp\/v2\/pages\/1821\/revisions\/1841"}],"wp:featuredmedia":[{"embeddable":true,"href":"https:\/\/aisointernational.com\/index.php?rest_route=\/wp\/v2\/media\/1840"}],"wp:attachment":[{"href":"https:\/\/aisointernational.com\/index.php?rest_route=%2Fwp%2Fv2%2Fmedia&parent=1821"}],"curies":[{"name":"wp","href":"https:\/\/api.w.org\/{rel}","templated":true}]}}