{"id":1806,"date":"2025-02-11T23:54:23","date_gmt":"2025-02-11T23:54:23","guid":{"rendered":"https:\/\/aisointernational.com\/?page_id=1806"},"modified":"2025-02-11T23:54:24","modified_gmt":"2025-02-11T23:54:24","slug":"australia","status":"publish","type":"page","link":"https:\/\/aisointernational.com\/?page_id=1806","title":{"rendered":"Australia"},"content":{"rendered":"\n<p>Australia es un destino popular para estudiar&nbsp;por su sistema educativo de calidad, su ambiente acogedor y sus perspectivas profesionales.&nbsp;<\/p>\n\n\n\n<p><strong><u>Sistema educativo<\/u><\/strong><strong><u><\/u><\/strong><\/p>\n\n\n\n<ul class=\"wp-block-list\">\n<li>Australia ofrece educaci\u00f3n de alta Calidad<\/li>\n\n\n\n<li>Australia es l\u00edder en educaci\u00f3n y formaci\u00f3n vocacional.\u00a0<\/li>\n\n\n\n<li>Sus universidades se encuentran entre las mejores del mundo.\u00a0<\/li>\n\n\n\n<li>Es l\u00edder en \u00e1reas como Artes y Humanidades, Ingenier\u00eda y Tecnolog\u00eda, Medicina, entre otras.\u00a0<\/li>\n<\/ul>\n\n\n\n<p><strong><u>Ambiente Estudiantil <\/u><\/strong><strong><u><\/u><\/strong><\/p>\n\n\n\n<ul class=\"wp-block-list\">\n<li>Australia tiene un ambiente acogedor \u00a0para los estudiantes internacionales.<\/li>\n\n\n\n<li>Es un pa\u00eds que ofrece grandes oportunidades laborales y profesionales.<\/li>\n\n\n\n<li>La visa de estudiante nos permitir estudiar y trabajar.<\/li>\n\n\n\n<li>Australia tiene una gran demanda de empleos cualificados.<\/li>\n\n\n\n<li>Australia tiene una gran riqueza natural, y lugares por explorar.<\/li>\n\n\n\n<li>Es un pa\u00eds ideal para practicar surf y oros deportes al aire libre<\/li>\n<\/ul>\n","protected":false},"excerpt":{"rendered":"<p>Australia es un destino popular para estudiar&nbsp;por su sistema educativo de calidad, su ambiente acogedor y sus perspectivas profesionales.&nbsp; Sistema educativo Ambiente Estudiantil<\/p>\n","protected":false},"author":1,"featured_media":1817,"parent":0,"menu_order":0,"comment_status":"closed","ping_status":"closed","template":"","meta":{"footnotes":""},"class_list":["post-1806","page","type-page","status-publish","has-post-thumbnail","hentry"],"_links":{"self":[{"href":"https:\/\/aisointernational.com\/index.php?rest_route=\/wp\/v2\/pages\/1806","targetHints":{"allow":["GET"]}}],"collection":[{"href":"https:\/\/aisointernational.com\/index.php?rest_route=\/wp\/v2\/pages"}],"about":[{"href":"https:\/\/aisointernational.com\/index.php?rest_route=\/wp\/v2\/types\/page"}],"author":[{"embeddable":true,"href":"https:\/\/aisointernational.com\/index.php?rest_route=\/wp\/v2\/users\/1"}],"replies":[{"embeddable":true,"href":"https:\/\/aisointernational.com\/index.php?rest_route=%2Fwp%2Fv2%2Fcomments&post=1806"}],"version-history":[{"count":1,"href":"https:\/\/aisointernational.com\/index.php?rest_route=\/wp\/v2\/pages\/1806\/revisions"}],"predecessor-version":[{"id":1818,"href":"https:\/\/aisointernational.com\/index.php?rest_route=\/wp\/v2\/pages\/1806\/revisions\/1818"}],"wp:featuredmedia":[{"embeddable":true,"href":"https:\/\/aisointernational.com\/index.php?rest_route=\/wp\/v2\/media\/1817"}],"wp:attachment":[{"href":"https:\/\/aisointernational.com\/index.php?rest_route=%2Fwp%2Fv2%2Fmedia&parent=1806"}],"curies":[{"name":"wp","href":"https:\/\/api.w.org\/{rel}","templated":true}]}}