{"id":156,"date":"2017-11-13T05:35:53","date_gmt":"2017-11-13T05:35:53","guid":{"rendered":"https:\/\/raratheme.com\/preview\/travel-agency\/?page_id=156"},"modified":"2024-12-24T18:37:47","modified_gmt":"2024-12-24T18:37:47","slug":"activities-2","status":"publish","type":"page","link":"https:\/\/aisointernational.com\/?page_id=156","title":{"rendered":"Servicios"},"content":{"rendered":"\n<p><strong>Asesor\u00eda Personalizada<\/strong>: Te ayudamos a identificar y seleccionar el programa de estudios que mejor se adapte a tus intereses y objetivos.<\/p>\n\n\n\n<p><strong>Gesti\u00f3n de Visas<\/strong>: Nos encargamos de todo el proceso de solicitud de visa, asegur\u00e1ndonos de que cumplas con todos los requisitos necesarios.<\/p>\n\n\n\n<p><strong>Preparaci\u00f3n Acad\u00e9mica<\/strong>: Ofrecemos orientaci\u00f3n y recursos para que est\u00e9s completamente preparado para tu nueva aventura acad\u00e9mica.<\/p>\n\n\n\n<p><strong>Soporte Continuo<\/strong>: Desde el momento en que decides estudiar en el extranjero hasta tu regreso, estamos aqu\u00ed para apoyarte en cada etapa.<strong>Asesor\u00eda Personalizada<\/strong>: Te ayudamos a identificar y seleccionar el programa de estudios que mejor se adapte a tus intereses y objetivos.<\/p>\n\n\n\n<p><strong>Gesti\u00f3n de Visas<\/strong>: Nos encargamos de todo el proceso de solicitud de visa, asegur\u00e1ndonos de que cumplas con todos los requisitos necesarios.<\/p>\n\n\n\n<p><strong>Preparaci\u00f3n Acad\u00e9mica<\/strong>: Ofrecemos orientaci\u00f3n y recursos para que est\u00e9s completamente preparado para tu nueva aventura acad\u00e9mica.<\/p>\n\n\n\n<p><strong>Soporte Continuo<\/strong>: Desde el momento en que decides estudiar en el extranjero hasta tu regreso, estamos aqu\u00ed para apoyarte en cada etapa.<\/p>\n\n\n\n<p><\/p>\n\n\n\n<p><\/p>\n","protected":false},"excerpt":{"rendered":"<p>Asesor\u00eda Personalizada: Te ayudamos a identificar y seleccionar el programa de estudios que mejor se adapte a tus intereses y objetivos. Gesti\u00f3n de Visas: Nos encargamos de todo el proceso de solicitud de visa, asegur\u00e1ndonos de que cumplas con todos los requisitos necesarios. Preparaci\u00f3n Acad\u00e9mica: &hellip; <\/p>\n","protected":false},"author":1,"featured_media":1795,"parent":0,"menu_order":0,"comment_status":"closed","ping_status":"closed","template":"","meta":{"footnotes":""},"class_list":["post-156","page","type-page","status-publish","has-post-thumbnail","hentry"],"_links":{"self":[{"href":"https:\/\/aisointernational.com\/index.php?rest_route=\/wp\/v2\/pages\/156","targetHints":{"allow":["GET"]}}],"collection":[{"href":"https:\/\/aisointernational.com\/index.php?rest_route=\/wp\/v2\/pages"}],"about":[{"href":"https:\/\/aisointernational.com\/index.php?rest_route=\/wp\/v2\/types\/page"}],"author":[{"embeddable":true,"href":"https:\/\/aisointernational.com\/index.php?rest_route=\/wp\/v2\/users\/1"}],"replies":[{"embeddable":true,"href":"https:\/\/aisointernational.com\/index.php?rest_route=%2Fwp%2Fv2%2Fcomments&post=156"}],"version-history":[{"count":1,"href":"https:\/\/aisointernational.com\/index.php?rest_route=\/wp\/v2\/pages\/156\/revisions"}],"predecessor-version":[{"id":1793,"href":"https:\/\/aisointernational.com\/index.php?rest_route=\/wp\/v2\/pages\/156\/revisions\/1793"}],"wp:featuredmedia":[{"embeddable":true,"href":"https:\/\/aisointernational.com\/index.php?rest_route=\/wp\/v2\/media\/1795"}],"wp:attachment":[{"href":"https:\/\/aisointernational.com\/index.php?rest_route=%2Fwp%2Fv2%2Fmedia&parent=156"}],"curies":[{"name":"wp","href":"https:\/\/api.w.org\/{rel}","templated":true}]}}